{"id":999,"date":"2024-10-01T17:40:14","date_gmt":"2024-10-01T17:40:14","guid":{"rendered":"https:\/\/landermichel.com\/?page_id=999"},"modified":"2025-01-02T15:04:11","modified_gmt":"2025-01-02T15:04:11","slug":"testimonials","status":"publish","type":"page","link":"https:\/\/landermichel.com\/es\/testimonials\/","title":{"rendered":"Testimonios"},"content":{"rendered":"<p>En <strong>Midera Legal<\/strong>, la satisfacci\u00f3n de nuestros clientes es nuestra mayor prioridad. Aqu\u00ed puedes leer algunas de las experiencias de quienes ya han confiado en nosotros para gestionar sus inversiones y necesidades legales en Espa\u00f1a.<\/p>\n\n\n<div class=\"gb-container gb-container-00b652c5\">\n<div class=\"gb-container gb-container-28567947\">\n<div class=\"wp-block-image photo-border is-style-rounded\">\n<figure class=\"aligncenter size-full is-resized\"><img loading=\"lazy\" decoding=\"async\" width=\"200\" height=\"200\" src=\"https:\/\/landermichel.com\/wp-content\/uploads\/Dr.-Michelle-Nielsen.jpg\" alt=\"Dr. Michelle Nielsen\" class=\"wp-image-4247\" style=\"width:140px\" srcset=\"https:\/\/landermichel.com\/wp-content\/uploads\/Dr.-Michelle-Nielsen.jpg 200w, https:\/\/landermichel.com\/wp-content\/uploads\/Dr.-Michelle-Nielsen-150x150.jpg 150w\" sizes=\"(max-width: 200px) 100vw, 200px\" \/><\/figure><\/div>\n\n<div class=\"gb-container gb-container-a27dcf51\">\n\n<span class=\"gb-button gb-button-5a0cdafd\"><span class=\"gb-icon\"><svg xmlns=\"http:\/\/www.w3.org\/2000\/svg\" viewbox=\"0 0 576 512\" width=\"1em\" height=\"1em\" aria-hidden=\"true\"><path d=\"M259.3 17.8L194 150.2 47.9 171.5c-26.2 3.8-36.7 36.1-17.7 54.6l105.7 103-25 145.5c-4.5 26.3 23.2 46 46.4 33.7L288 439.6l130.7 68.7c23.2 12.2 50.9-7.4 46.4-33.7l-25-145.5 105.7-103c19-18.5 8.5-50.8-17.7-54.6L382 150.2 316.7 17.8c-11.7-23.6-45.6-23.9-57.4 0z\" fill=\"currentColor\"><\/path><\/svg><\/span><\/span>\n\n\n\n<span class=\"gb-button gb-button-d087c971\"><span class=\"gb-icon\"><svg xmlns=\"http:\/\/www.w3.org\/2000\/svg\" viewbox=\"0 0 576 512\" width=\"1em\" height=\"1em\" aria-hidden=\"true\"><path d=\"M259.3 17.8L194 150.2 47.9 171.5c-26.2 3.8-36.7 36.1-17.7 54.6l105.7 103-25 145.5c-4.5 26.3 23.2 46 46.4 33.7L288 439.6l130.7 68.7c23.2 12.2 50.9-7.4 46.4-33.7l-25-145.5 105.7-103c19-18.5 8.5-50.8-17.7-54.6L382 150.2 316.7 17.8c-11.7-23.6-45.6-23.9-57.4 0z\" fill=\"currentColor\"><\/path><\/svg><\/span><\/span>\n\n\n\n<span class=\"gb-button gb-button-721cc0c7\"><span class=\"gb-icon\"><svg xmlns=\"http:\/\/www.w3.org\/2000\/svg\" viewbox=\"0 0 576 512\" width=\"1em\" height=\"1em\" aria-hidden=\"true\"><path d=\"M259.3 17.8L194 150.2 47.9 171.5c-26.2 3.8-36.7 36.1-17.7 54.6l105.7 103-25 145.5c-4.5 26.3 23.2 46 46.4 33.7L288 439.6l130.7 68.7c23.2 12.2 50.9-7.4 46.4-33.7l-25-145.5 105.7-103c19-18.5 8.5-50.8-17.7-54.6L382 150.2 316.7 17.8c-11.7-23.6-45.6-23.9-57.4 0z\" fill=\"currentColor\"><\/path><\/svg><\/span><\/span>\n\n\n\n<span class=\"gb-button gb-button-f829df4f\"><span class=\"gb-icon\"><svg xmlns=\"http:\/\/www.w3.org\/2000\/svg\" viewbox=\"0 0 576 512\" width=\"1em\" height=\"1em\" aria-hidden=\"true\"><path d=\"M259.3 17.8L194 150.2 47.9 171.5c-26.2 3.8-36.7 36.1-17.7 54.6l105.7 103-25 145.5c-4.5 26.3 23.2 46 46.4 33.7L288 439.6l130.7 68.7c23.2 12.2 50.9-7.4 46.4-33.7l-25-145.5 105.7-103c19-18.5 8.5-50.8-17.7-54.6L382 150.2 316.7 17.8c-11.7-23.6-45.6-23.9-57.4 0z\" fill=\"currentColor\"><\/path><\/svg><\/span><\/span>\n\n\n\n<span class=\"gb-button gb-button-681dee57\"><span class=\"gb-icon\"><svg xmlns=\"http:\/\/www.w3.org\/2000\/svg\" viewbox=\"0 0 576 512\" width=\"1em\" height=\"1em\" aria-hidden=\"true\"><path d=\"M259.3 17.8L194 150.2 47.9 171.5c-26.2 3.8-36.7 36.1-17.7 54.6l105.7 103-25 145.5c-4.5 26.3 23.2 46 46.4 33.7L288 439.6l130.7 68.7c23.2 12.2 50.9-7.4 46.4-33.7l-25-145.5 105.7-103c19-18.5 8.5-50.8-17.7-54.6L382 150.2 316.7 17.8c-11.7-23.6-45.6-23.9-57.4 0z\" fill=\"currentColor\"><\/path><\/svg><\/span><\/span>\n\n<\/div>\n\n\n<p class=\"has-text-align-center\">Siempre es un placer trabajar con Lander. Es amable, competente y est\u00e1 bien informado. Gracias a \u00e9l obtuve mi pasaporte espa\u00f1ol para m\u00ed y mis dos hijos. Nos ayud\u00f3 con muchos problemas y servicios a lo largo del a\u00f1o. Sin duda, me complace recomendarlo.<\/p>\n\n\n\n<p class=\"gb-headline gb-headline-79011952 gb-headline-text\"><em>\u2013 Dra. Michelle (Mika) Nielsen<\/em><\/p>\n\n<\/div>\n\n<div class=\"gb-container gb-container-9826fd0e\">\n<div class=\"wp-block-image photo-border is-style-rounded\">\n<figure class=\"aligncenter size-full is-resized\"><img loading=\"lazy\" decoding=\"async\" width=\"609\" height=\"609\" src=\"https:\/\/landermichel.com\/wp-content\/uploads\/Faye-Maidment.png\" alt=\"Faye Maidment\" class=\"wp-image-4248\" style=\"width:140px\" srcset=\"https:\/\/landermichel.com\/wp-content\/uploads\/Faye-Maidment.png 609w, https:\/\/landermichel.com\/wp-content\/uploads\/Faye-Maidment-300x300.png 300w, https:\/\/landermichel.com\/wp-content\/uploads\/Faye-Maidment-150x150.png 150w\" sizes=\"(max-width: 609px) 100vw, 609px\" \/><\/figure><\/div>\n\n<div class=\"gb-container gb-container-6ea275c6\">\n\n<span class=\"gb-button gb-button-a3029c2e\"><span class=\"gb-icon\"><svg xmlns=\"http:\/\/www.w3.org\/2000\/svg\" viewbox=\"0 0 576 512\" width=\"1em\" height=\"1em\" aria-hidden=\"true\"><path d=\"M259.3 17.8L194 150.2 47.9 171.5c-26.2 3.8-36.7 36.1-17.7 54.6l105.7 103-25 145.5c-4.5 26.3 23.2 46 46.4 33.7L288 439.6l130.7 68.7c23.2 12.2 50.9-7.4 46.4-33.7l-25-145.5 105.7-103c19-18.5 8.5-50.8-17.7-54.6L382 150.2 316.7 17.8c-11.7-23.6-45.6-23.9-57.4 0z\" fill=\"currentColor\"><\/path><\/svg><\/span><\/span>\n\n\n\n<span class=\"gb-button gb-button-2522ed86\"><span class=\"gb-icon\"><svg xmlns=\"http:\/\/www.w3.org\/2000\/svg\" viewbox=\"0 0 576 512\" width=\"1em\" height=\"1em\" aria-hidden=\"true\"><path d=\"M259.3 17.8L194 150.2 47.9 171.5c-26.2 3.8-36.7 36.1-17.7 54.6l105.7 103-25 145.5c-4.5 26.3 23.2 46 46.4 33.7L288 439.6l130.7 68.7c23.2 12.2 50.9-7.4 46.4-33.7l-25-145.5 105.7-103c19-18.5 8.5-50.8-17.7-54.6L382 150.2 316.7 17.8c-11.7-23.6-45.6-23.9-57.4 0z\" fill=\"currentColor\"><\/path><\/svg><\/span><\/span>\n\n\n\n<span class=\"gb-button gb-button-d70cd1f2\"><span class=\"gb-icon\"><svg xmlns=\"http:\/\/www.w3.org\/2000\/svg\" viewbox=\"0 0 576 512\" width=\"1em\" height=\"1em\" aria-hidden=\"true\"><path d=\"M259.3 17.8L194 150.2 47.9 171.5c-26.2 3.8-36.7 36.1-17.7 54.6l105.7 103-25 145.5c-4.5 26.3 23.2 46 46.4 33.7L288 439.6l130.7 68.7c23.2 12.2 50.9-7.4 46.4-33.7l-25-145.5 105.7-103c19-18.5 8.5-50.8-17.7-54.6L382 150.2 316.7 17.8c-11.7-23.6-45.6-23.9-57.4 0z\" fill=\"currentColor\"><\/path><\/svg><\/span><\/span>\n\n\n\n<span class=\"gb-button gb-button-7a877f5a\"><span class=\"gb-icon\"><svg xmlns=\"http:\/\/www.w3.org\/2000\/svg\" viewbox=\"0 0 576 512\" width=\"1em\" height=\"1em\" aria-hidden=\"true\"><path d=\"M259.3 17.8L194 150.2 47.9 171.5c-26.2 3.8-36.7 36.1-17.7 54.6l105.7 103-25 145.5c-4.5 26.3 23.2 46 46.4 33.7L288 439.6l130.7 68.7c23.2 12.2 50.9-7.4 46.4-33.7l-25-145.5 105.7-103c19-18.5 8.5-50.8-17.7-54.6L382 150.2 316.7 17.8c-11.7-23.6-45.6-23.9-57.4 0z\" fill=\"currentColor\"><\/path><\/svg><\/span><\/span>\n\n\n\n<span class=\"gb-button gb-button-42938176\"><span class=\"gb-icon\"><svg xmlns=\"http:\/\/www.w3.org\/2000\/svg\" viewbox=\"0 0 576 512\" width=\"1em\" height=\"1em\" aria-hidden=\"true\"><path d=\"M259.3 17.8L194 150.2 47.9 171.5c-26.2 3.8-36.7 36.1-17.7 54.6l105.7 103-25 145.5c-4.5 26.3 23.2 46 46.4 33.7L288 439.6l130.7 68.7c23.2 12.2 50.9-7.4 46.4-33.7l-25-145.5 105.7-103c19-18.5 8.5-50.8-17.7-54.6L382 150.2 316.7 17.8c-11.7-23.6-45.6-23.9-57.4 0z\" fill=\"currentColor\"><\/path><\/svg><\/span><\/span>\n\n<\/div>\n\n\n<p class=\"has-text-align-center\">Lander realmente me ayud\u00f3 a salvar el d\u00eda cuando se hizo cargo de mi caso y me ayud\u00f3 a obtener la residencia espa\u00f1ola. El proceso fue muy claro y pude obtener el estatus correcto en pocas semanas. Profesional y confiable. Se lo recomendar\u00eda a cualquiera que quiera venir a vivir a Espa\u00f1a.<\/p>\n\n\n\n<p class=\"gb-headline gb-headline-a1019afd gb-headline-text\"><em>\u2013 Faye Maidment<\/em><\/p>\n\n<\/div>\n\n<div class=\"gb-container gb-container-dd4f2017\">\n<div class=\"wp-block-image photo-border is-style-rounded\">\n<figure class=\"aligncenter size-full is-resized\"><img loading=\"lazy\" decoding=\"async\" width=\"213\" height=\"236\" src=\"https:\/\/landermichel.com\/wp-content\/uploads\/Sarah-Wood.jpg\" alt=\"Sarah Wood\" class=\"wp-image-4249\" style=\"width:140px\"\/><\/figure><\/div>\n\n<div class=\"gb-container gb-container-827dad39\">\n\n<span class=\"gb-button gb-button-2cb39b45\"><span class=\"gb-icon\"><svg xmlns=\"http:\/\/www.w3.org\/2000\/svg\" viewbox=\"0 0 576 512\" width=\"1em\" height=\"1em\" aria-hidden=\"true\"><path d=\"M259.3 17.8L194 150.2 47.9 171.5c-26.2 3.8-36.7 36.1-17.7 54.6l105.7 103-25 145.5c-4.5 26.3 23.2 46 46.4 33.7L288 439.6l130.7 68.7c23.2 12.2 50.9-7.4 46.4-33.7l-25-145.5 105.7-103c19-18.5 8.5-50.8-17.7-54.6L382 150.2 316.7 17.8c-11.7-23.6-45.6-23.9-57.4 0z\" fill=\"currentColor\"><\/path><\/svg><\/span><\/span>\n\n\n\n<span class=\"gb-button gb-button-84e78ef5\"><span class=\"gb-icon\"><svg xmlns=\"http:\/\/www.w3.org\/2000\/svg\" viewbox=\"0 0 576 512\" width=\"1em\" height=\"1em\" aria-hidden=\"true\"><path d=\"M259.3 17.8L194 150.2 47.9 171.5c-26.2 3.8-36.7 36.1-17.7 54.6l105.7 103-25 145.5c-4.5 26.3 23.2 46 46.4 33.7L288 439.6l130.7 68.7c23.2 12.2 50.9-7.4 46.4-33.7l-25-145.5 105.7-103c19-18.5 8.5-50.8-17.7-54.6L382 150.2 316.7 17.8c-11.7-23.6-45.6-23.9-57.4 0z\" fill=\"currentColor\"><\/path><\/svg><\/span><\/span>\n\n\n\n<span class=\"gb-button gb-button-b7129b13\"><span class=\"gb-icon\"><svg xmlns=\"http:\/\/www.w3.org\/2000\/svg\" viewbox=\"0 0 576 512\" width=\"1em\" height=\"1em\" aria-hidden=\"true\"><path d=\"M259.3 17.8L194 150.2 47.9 171.5c-26.2 3.8-36.7 36.1-17.7 54.6l105.7 103-25 145.5c-4.5 26.3 23.2 46 46.4 33.7L288 439.6l130.7 68.7c23.2 12.2 50.9-7.4 46.4-33.7l-25-145.5 105.7-103c19-18.5 8.5-50.8-17.7-54.6L382 150.2 316.7 17.8c-11.7-23.6-45.6-23.9-57.4 0z\" fill=\"currentColor\"><\/path><\/svg><\/span><\/span>\n\n\n\n<span class=\"gb-button gb-button-b7b1d6ca\"><span class=\"gb-icon\"><svg xmlns=\"http:\/\/www.w3.org\/2000\/svg\" viewbox=\"0 0 576 512\" width=\"1em\" height=\"1em\" aria-hidden=\"true\"><path d=\"M259.3 17.8L194 150.2 47.9 171.5c-26.2 3.8-36.7 36.1-17.7 54.6l105.7 103-25 145.5c-4.5 26.3 23.2 46 46.4 33.7L288 439.6l130.7 68.7c23.2 12.2 50.9-7.4 46.4-33.7l-25-145.5 105.7-103c19-18.5 8.5-50.8-17.7-54.6L382 150.2 316.7 17.8c-11.7-23.6-45.6-23.9-57.4 0z\" fill=\"currentColor\"><\/path><\/svg><\/span><\/span>\n\n\n\n<span class=\"gb-button gb-button-d1aa4cde\"><span class=\"gb-icon\"><svg xmlns=\"http:\/\/www.w3.org\/2000\/svg\" viewbox=\"0 0 576 512\" width=\"1em\" height=\"1em\" aria-hidden=\"true\"><path d=\"M259.3 17.8L194 150.2 47.9 171.5c-26.2 3.8-36.7 36.1-17.7 54.6l105.7 103-25 145.5c-4.5 26.3 23.2 46 46.4 33.7L288 439.6l130.7 68.7c23.2 12.2 50.9-7.4 46.4-33.7l-25-145.5 105.7-103c19-18.5 8.5-50.8-17.7-54.6L382 150.2 316.7 17.8c-11.7-23.6-45.6-23.9-57.4 0z\" fill=\"currentColor\"><\/path><\/svg><\/span><\/span>\n\n<\/div>\n\n\n<p class=\"has-text-align-center\">Lander es incre\u00edble. Ha sido de gran ayuda. Tiene una amplia experiencia y ha podido ayudarme con todas las consultas que he tenido.<\/p>\n\n\n\n<p class=\"gb-headline gb-headline-dc737a07 gb-headline-text\"><em>\u2013 Sarah Wood<\/em><\/p>\n\n<\/div>\n<\/div>","protected":false},"excerpt":{"rendered":"<p>En Midera Legal, la satisfacci\u00f3n de nuestros clientes es nuestra mayor prioridad. Aqu\u00ed puedes leer algunas de las experiencias de quienes ya han confiado en nosotros para gestionar sus inversiones y necesidades legales en Espa\u00f1a. Siempre es un placer trabajar con Lander. Es amable, competente y est\u00e1 bien informado. Gracias a \u00e9l obtuve mi espa\u00f1ol\u2026 <a title=\"Testimonios\" class=\"read-more\" href=\"https:\/\/landermichel.com\/es\/testimonials\/\" aria-label=\"Leer m\u00e1s sobre Testimonios\">Leer m\u00e1s<\/a><\/p>","protected":false},"author":2,"featured_media":0,"parent":0,"menu_order":0,"comment_status":"closed","ping_status":"closed","template":"","meta":{"footnotes":""},"class_list":["post-999","page","type-page","status-publish"],"yoast_head":"<!-- This site is optimized with the Yoast SEO plugin v23.5 - https:\/\/yoast.com\/wordpress\/plugins\/seo\/ -->\n<title>Testimonials - Midera Legal<\/title>\n<meta name=\"description\" content=\"En Midera Legal, la satisfacci\u00f3n de nuestros clientes es nuestra mayor prioridad. Aqu\u00ed puedes leer algunas de las experiencias de quienes ya han confiado\" \/>\n<meta name=\"robots\" content=\"index, follow, max-snippet:-1, max-image-preview:large, max-video-preview:-1\" \/>\n<link rel=\"canonical\" href=\"https:\/\/landermichel.com\/es\/testimonials\/\" \/>\n<meta property=\"og:locale\" content=\"es_MX\" \/>\n<meta property=\"og:type\" content=\"article\" \/>\n<meta property=\"og:title\" content=\"Testimonials - Midera Legal\" \/>\n<meta property=\"og:description\" content=\"En Midera Legal, la satisfacci\u00f3n de nuestros clientes es nuestra mayor prioridad. Aqu\u00ed puedes leer algunas de las experiencias de quienes ya han confiado\" \/>\n<meta property=\"og:url\" content=\"https:\/\/landermichel.com\/es\/testimonials\/\" \/>\n<meta property=\"og:site_name\" content=\"Midera Legal\" \/>\n<meta property=\"article:modified_time\" content=\"2025-01-02T15:04:11+00:00\" \/>\n<meta property=\"og:image\" content=\"https:\/\/landermichel.com\/wp-content\/uploads\/Dr.-Michelle-Nielsen.jpg\" \/>\n<meta name=\"twitter:card\" content=\"summary_large_image\" \/>\n<meta name=\"twitter:label1\" content=\"Tiempo de lectura\" \/>\n\t<meta name=\"twitter:data1\" content=\"1 minuto\" \/>\n<script type=\"application\/ld+json\" class=\"yoast-schema-graph\">{\"@context\":\"https:\/\/schema.org\",\"@graph\":[{\"@type\":\"WebPage\",\"@id\":\"https:\/\/landermichel.com\/testimonials\/\",\"url\":\"https:\/\/landermichel.com\/testimonials\/\",\"name\":\"Testimonials - Midera Legal\",\"isPartOf\":{\"@id\":\"https:\/\/landermichel.com\/#website\"},\"primaryImageOfPage\":{\"@id\":\"https:\/\/landermichel.com\/testimonials\/#primaryimage\"},\"image\":{\"@id\":\"https:\/\/landermichel.com\/testimonials\/#primaryimage\"},\"thumbnailUrl\":\"https:\/\/landermichel.com\/wp-content\/uploads\/Dr.-Michelle-Nielsen.jpg\",\"datePublished\":\"2024-10-01T17:40:14+00:00\",\"dateModified\":\"2025-01-02T15:04:11+00:00\",\"description\":\"En Midera Legal, la satisfacci\u00f3n de nuestros clientes es nuestra mayor prioridad. Aqu\u00ed puedes leer algunas de las experiencias de quienes ya han confiado\",\"breadcrumb\":{\"@id\":\"https:\/\/landermichel.com\/testimonials\/#breadcrumb\"},\"inLanguage\":\"es\",\"potentialAction\":[{\"@type\":\"ReadAction\",\"target\":[\"https:\/\/landermichel.com\/testimonials\/\"]}]},{\"@type\":\"ImageObject\",\"inLanguage\":\"es\",\"@id\":\"https:\/\/landermichel.com\/testimonials\/#primaryimage\",\"url\":\"https:\/\/landermichel.com\/wp-content\/uploads\/Dr.-Michelle-Nielsen.jpg\",\"contentUrl\":\"https:\/\/landermichel.com\/wp-content\/uploads\/Dr.-Michelle-Nielsen.jpg\"},{\"@type\":\"BreadcrumbList\",\"@id\":\"https:\/\/landermichel.com\/testimonials\/#breadcrumb\",\"itemListElement\":[{\"@type\":\"ListItem\",\"position\":1,\"name\":\"Portada\",\"item\":\"https:\/\/landermichel.com\/\"},{\"@type\":\"ListItem\",\"position\":2,\"name\":\"Testimonials\"}]},{\"@type\":\"WebSite\",\"@id\":\"https:\/\/landermichel.com\/#website\",\"url\":\"https:\/\/landermichel.com\/\",\"name\":\"Midera Legal\",\"description\":\"Midera Legal\",\"publisher\":{\"@id\":\"https:\/\/landermichel.com\/#organization\"},\"potentialAction\":[{\"@type\":\"SearchAction\",\"target\":{\"@type\":\"EntryPoint\",\"urlTemplate\":\"https:\/\/landermichel.com\/?s={search_term_string}\"},\"query-input\":{\"@type\":\"PropertyValueSpecification\",\"valueRequired\":true,\"valueName\":\"search_term_string\"}}],\"inLanguage\":\"es\"},{\"@type\":\"Organization\",\"@id\":\"https:\/\/landermichel.com\/#organization\",\"name\":\"Midera Legal\",\"url\":\"https:\/\/landermichel.com\/\",\"logo\":{\"@type\":\"ImageObject\",\"inLanguage\":\"es\",\"@id\":\"https:\/\/landermichel.com\/#\/schema\/logo\/image\/\",\"url\":\"https:\/\/landermichel.com\/wp-content\/uploads\/Midera-Legal-logo-blanco.png\",\"contentUrl\":\"https:\/\/landermichel.com\/wp-content\/uploads\/Midera-Legal-logo-blanco.png\",\"width\":500,\"height\":500,\"caption\":\"Midera Legal\"},\"image\":{\"@id\":\"https:\/\/landermichel.com\/#\/schema\/logo\/image\/\"}}]}<\/script>\n<!-- \/ Yoast SEO plugin. -->","yoast_head_json":{"title":"Testimonials - Midera Legal","description":"En Midera Legal, la satisfacci\u00f3n de nuestros clientes es nuestra mayor prioridad. Aqu\u00ed puedes leer algunas de las experiencias de quienes ya han confiado","robots":{"index":"index","follow":"follow","max-snippet":"max-snippet:-1","max-image-preview":"max-image-preview:large","max-video-preview":"max-video-preview:-1"},"canonical":"https:\/\/landermichel.com\/es\/testimonials\/","og_locale":"es_MX","og_type":"article","og_title":"Testimonials - Midera Legal","og_description":"En Midera Legal, la satisfacci\u00f3n de nuestros clientes es nuestra mayor prioridad. Aqu\u00ed puedes leer algunas de las experiencias de quienes ya han confiado","og_url":"https:\/\/landermichel.com\/es\/testimonials\/","og_site_name":"Midera Legal","article_modified_time":"2025-01-02T15:04:11+00:00","og_image":[{"url":"https:\/\/landermichel.com\/wp-content\/uploads\/Dr.-Michelle-Nielsen.jpg"}],"twitter_card":"summary_large_image","twitter_misc":{"Tiempo de lectura":"1 minuto"},"schema":{"@context":"https:\/\/schema.org","@graph":[{"@type":"WebPage","@id":"https:\/\/landermichel.com\/testimonials\/","url":"https:\/\/landermichel.com\/testimonials\/","name":"Testimonials - Midera Legal","isPartOf":{"@id":"https:\/\/landermichel.com\/#website"},"primaryImageOfPage":{"@id":"https:\/\/landermichel.com\/testimonials\/#primaryimage"},"image":{"@id":"https:\/\/landermichel.com\/testimonials\/#primaryimage"},"thumbnailUrl":"https:\/\/landermichel.com\/wp-content\/uploads\/Dr.-Michelle-Nielsen.jpg","datePublished":"2024-10-01T17:40:14+00:00","dateModified":"2025-01-02T15:04:11+00:00","description":"En Midera Legal, la satisfacci\u00f3n de nuestros clientes es nuestra mayor prioridad. Aqu\u00ed puedes leer algunas de las experiencias de quienes ya han confiado","breadcrumb":{"@id":"https:\/\/landermichel.com\/testimonials\/#breadcrumb"},"inLanguage":"es","potentialAction":[{"@type":"ReadAction","target":["https:\/\/landermichel.com\/testimonials\/"]}]},{"@type":"ImageObject","inLanguage":"es","@id":"https:\/\/landermichel.com\/testimonials\/#primaryimage","url":"https:\/\/landermichel.com\/wp-content\/uploads\/Dr.-Michelle-Nielsen.jpg","contentUrl":"https:\/\/landermichel.com\/wp-content\/uploads\/Dr.-Michelle-Nielsen.jpg"},{"@type":"BreadcrumbList","@id":"https:\/\/landermichel.com\/testimonials\/#breadcrumb","itemListElement":[{"@type":"ListItem","position":1,"name":"Portada","item":"https:\/\/landermichel.com\/"},{"@type":"ListItem","position":2,"name":"Testimonials"}]},{"@type":"WebSite","@id":"https:\/\/landermichel.com\/#website","url":"https:\/\/landermichel.com\/","name":"Midera Legal","description":"Midera Legal","publisher":{"@id":"https:\/\/landermichel.com\/#organization"},"potentialAction":[{"@type":"SearchAction","target":{"@type":"EntryPoint","urlTemplate":"https:\/\/landermichel.com\/?s={search_term_string}"},"query-input":{"@type":"PropertyValueSpecification","valueRequired":true,"valueName":"search_term_string"}}],"inLanguage":"es"},{"@type":"Organization","@id":"https:\/\/landermichel.com\/#organization","name":"Midera Legal","url":"https:\/\/landermichel.com\/","logo":{"@type":"ImageObject","inLanguage":"es","@id":"https:\/\/landermichel.com\/#\/schema\/logo\/image\/","url":"https:\/\/landermichel.com\/wp-content\/uploads\/Midera-Legal-logo-blanco.png","contentUrl":"https:\/\/landermichel.com\/wp-content\/uploads\/Midera-Legal-logo-blanco.png","width":500,"height":500,"caption":"Midera Legal"},"image":{"@id":"https:\/\/landermichel.com\/#\/schema\/logo\/image\/"}}]}},"_links":{"self":[{"href":"https:\/\/landermichel.com\/es\/wp-json\/wp\/v2\/pages\/999"}],"collection":[{"href":"https:\/\/landermichel.com\/es\/wp-json\/wp\/v2\/pages"}],"about":[{"href":"https:\/\/landermichel.com\/es\/wp-json\/wp\/v2\/types\/page"}],"author":[{"embeddable":true,"href":"https:\/\/landermichel.com\/es\/wp-json\/wp\/v2\/users\/2"}],"replies":[{"embeddable":true,"href":"https:\/\/landermichel.com\/es\/wp-json\/wp\/v2\/comments?post=999"}],"version-history":[{"count":4,"href":"https:\/\/landermichel.com\/es\/wp-json\/wp\/v2\/pages\/999\/revisions"}],"predecessor-version":[{"id":4292,"href":"https:\/\/landermichel.com\/es\/wp-json\/wp\/v2\/pages\/999\/revisions\/4292"}],"wp:attachment":[{"href":"https:\/\/landermichel.com\/es\/wp-json\/wp\/v2\/media?parent=999"}],"curies":[{"name":"wp","href":"https:\/\/api.w.org\/{rel}","templated":true}]}}