{"id":995,"date":"2024-10-01T17:18:13","date_gmt":"2024-10-01T17:18:13","guid":{"rendered":"https:\/\/landermichel.com\/?page_id=995"},"modified":"2025-01-31T18:27:33","modified_gmt":"2025-01-31T18:27:33","slug":"real-estate-law","status":"publish","type":"page","link":"https:\/\/landermichel.com\/es\/real-estate-law\/","title":{"rendered":"Derecho Inmobiliario"},"content":{"rendered":"<h2 class=\"wp-block-heading\">Asesoramiento legal en inversi\u00f3n inmobiliaria en Espa\u00f1a<\/h2>\n\n\n\n<h3 class=\"wp-block-heading\">Ofrecemos asesoramiento legal y trato personalizado en inversi\u00f3n inmobiliaria en Espa\u00f1a para clientes extranjeros.<\/h3>\n\n\n<div class=\"wp-block-image imatge-top\">\n<figure class=\"aligncenter size-large is-resized\"><img loading=\"lazy\" decoding=\"async\" width=\"1024\" height=\"683\" src=\"https:\/\/landermichel.com\/wp-content\/uploads\/rel-1024x683.jpg\" alt=\"Real Estate Law\" class=\"wp-image-4059\" style=\"width:403px;height:auto\" srcset=\"https:\/\/landermichel.com\/wp-content\/uploads\/rel-1024x683.jpg 1024w, https:\/\/landermichel.com\/wp-content\/uploads\/rel-300x200.jpg 300w, https:\/\/landermichel.com\/wp-content\/uploads\/rel-768x512.jpg 768w, https:\/\/landermichel.com\/wp-content\/uploads\/rel-1536x1024.jpg 1536w, https:\/\/landermichel.com\/wp-content\/uploads\/rel-2048x1365.jpg 2048w\" sizes=\"(max-width: 1024px) 100vw, 1024px\" \/><\/figure><\/div>\n\n\n<p><strong>Midera <\/strong>cuenta con un equipo legal de profesionales que pueden ayudarle a navegar por las complejidades de la inversi\u00f3n inmobiliaria en Espa\u00f1a, junto con otros servicios. Nuestra oficina est\u00e1 ubicada en Espa\u00f1a, pero atendemos a clientes a nivel internacional. Nos especializamos en brindar asesoramiento legal experto para inversores, expatriados y profesionales de negocios. Nuestra firma est\u00e1 en una posici\u00f3n \u00fanica para apoyar a los inversores extranjeros que buscan diversificar su cartera inmobiliaria con inversiones inmobiliarias en Espa\u00f1a.<\/p>\n\n\n\n<p>Nuestra experiencia local en el sector inmobiliario espa\u00f1ol combinada con experiencia internacional, nos permite ofrecer un servicio integral alineado con sus necesidades.<\/p>\n\n\n\n<h2 class=\"wp-block-heading\">Servicios ofrecidos:<\/h2>\n\n\n\n<div class=\"wp-block-columns is-layout-flex wp-container-core-columns-is-layout-1 wp-block-columns-is-layout-flex\">\n<div class=\"wp-block-column is-layout-flow wp-block-column-is-layout-flow\"><div class=\"wp-block-image imatge\">\n<figure class=\"aligncenter size-large is-resized\"><img loading=\"lazy\" decoding=\"async\" width=\"1024\" height=\"685\" src=\"https:\/\/landermichel.com\/wp-content\/uploads\/Property-Acquisition-1024x685.jpg\" alt=\"Property Acquisition\" class=\"wp-image-4218\" style=\"width:260px;height:auto\" srcset=\"https:\/\/landermichel.com\/wp-content\/uploads\/Property-Acquisition-1024x685.jpg 1024w, https:\/\/landermichel.com\/wp-content\/uploads\/Property-Acquisition-300x201.jpg 300w, https:\/\/landermichel.com\/wp-content\/uploads\/Property-Acquisition-768x514.jpg 768w, https:\/\/landermichel.com\/wp-content\/uploads\/Property-Acquisition-1536x1028.jpg 1536w, https:\/\/landermichel.com\/wp-content\/uploads\/Property-Acquisition.jpg 1920w\" sizes=\"(max-width: 1024px) 100vw, 1024px\" \/><\/figure><\/div>\n\n\n<h3 class=\"wp-block-heading has-text-align-center\">Adquisici\u00f3n de propiedad<\/h3>\n\n\n\n<p class=\"has-text-align-center\">Asistencia legal en la compra de propiedades residenciales y comerciales, incluida la debida diligencia y la negociaci\u00f3n de contratos.<\/p>\n<\/div>\n\n\n\n<div class=\"wp-block-column is-layout-flow wp-block-column-is-layout-flow\"><div class=\"wp-block-image imatge\">\n<figure class=\"aligncenter size-full is-resized\"><img loading=\"lazy\" decoding=\"async\" width=\"1024\" height=\"768\" src=\"https:\/\/landermichel.com\/wp-content\/uploads\/Property-Sales.jpg\" alt=\"Property Sales\" class=\"wp-image-4219\" style=\"width:233px;height:auto\" srcset=\"https:\/\/landermichel.com\/wp-content\/uploads\/Property-Sales.jpg 1024w, https:\/\/landermichel.com\/wp-content\/uploads\/Property-Sales-300x225.jpg 300w, https:\/\/landermichel.com\/wp-content\/uploads\/Property-Sales-768x576.jpg 768w\" sizes=\"(max-width: 1024px) 100vw, 1024px\" \/><\/figure><\/div>\n\n\n<h3 class=\"wp-block-heading has-text-align-center\">Ventas de propiedades<\/h3>\n\n\n\n<p class=\"has-text-align-center\">Garantizamos transacciones fluidas y el cumplimiento legal para la venta de propiedades en Espa\u00f1a.<\/p>\n<\/div>\n\n\n\n<div class=\"wp-block-column is-layout-flow wp-block-column-is-layout-flow\"><div class=\"wp-block-image imatge\">\n<figure class=\"aligncenter size-large is-resized\"><img loading=\"lazy\" decoding=\"async\" width=\"1024\" height=\"661\" src=\"https:\/\/landermichel.com\/wp-content\/uploads\/RENTING-LEASING-1024x661.jpg\" alt=\"RENTING &amp; LEASING\" class=\"wp-image-4220\" style=\"width:265px;height:auto\" srcset=\"https:\/\/landermichel.com\/wp-content\/uploads\/RENTING-LEASING-1024x661.jpg 1024w, https:\/\/landermichel.com\/wp-content\/uploads\/RENTING-LEASING-300x194.jpg 300w, https:\/\/landermichel.com\/wp-content\/uploads\/RENTING-LEASING-768x496.jpg 768w, https:\/\/landermichel.com\/wp-content\/uploads\/RENTING-LEASING.jpg 1280w\" sizes=\"(max-width: 1024px) 100vw, 1024px\" \/><\/figure><\/div>\n\n\n<h3 class=\"wp-block-heading has-text-align-center\">Arrendamiento y alquileres<\/h3>\n\n\n\n<p class=\"has-text-align-center\">Redacci\u00f3n y revisi\u00f3n de contratos de arrendamiento, representando tanto a propietarios como a inquilinos.<\/p>\n<\/div>\n<\/div>\n\n\n\n<div class=\"wp-block-columns is-layout-flex wp-container-core-columns-is-layout-2 wp-block-columns-is-layout-flex\">\n<div class=\"wp-block-column is-layout-flow wp-block-column-is-layout-flow\"><div class=\"wp-block-image imatge\">\n<figure class=\"aligncenter size-large is-resized\"><img loading=\"lazy\" decoding=\"async\" width=\"1024\" height=\"696\" src=\"https:\/\/landermichel.com\/wp-content\/uploads\/REAL-ESTATE-DEVELOPMENT-1024x696.jpg\" alt=\"REAL ESTATE DEVELOPMENT\" class=\"wp-image-4221\" style=\"width:259px;height:auto\" srcset=\"https:\/\/landermichel.com\/wp-content\/uploads\/REAL-ESTATE-DEVELOPMENT-1024x696.jpg 1024w, https:\/\/landermichel.com\/wp-content\/uploads\/REAL-ESTATE-DEVELOPMENT-300x204.jpg 300w, https:\/\/landermichel.com\/wp-content\/uploads\/REAL-ESTATE-DEVELOPMENT-768x522.jpg 768w, https:\/\/landermichel.com\/wp-content\/uploads\/REAL-ESTATE-DEVELOPMENT-1536x1043.jpg 1536w, https:\/\/landermichel.com\/wp-content\/uploads\/REAL-ESTATE-DEVELOPMENT-2048x1391.jpg 2048w\" sizes=\"(max-width: 1024px) 100vw, 1024px\" \/><\/figure><\/div>\n\n\n<h3 class=\"wp-block-heading has-text-align-center\">Desarrollo inmobiliario<\/h3>\n\n\n\n<p class=\"has-text-align-center\">Asesor\u00eda legal para desarrolladores, desde la adquisici\u00f3n de terrenos hasta la zonificaci\u00f3n y el cumplimiento de permisos.<\/p>\n<\/div>\n\n\n\n<div class=\"wp-block-column is-layout-flow wp-block-column-is-layout-flow\"><div class=\"wp-block-image imatge\">\n<figure class=\"aligncenter size-full is-resized\"><img loading=\"lazy\" decoding=\"async\" width=\"750\" height=\"375\" src=\"https:\/\/landermichel.com\/wp-content\/uploads\/Investment-Advisory.jpg\" alt=\"Investment Advisory\" class=\"wp-image-4222\" style=\"width:356px;height:auto\" srcset=\"https:\/\/landermichel.com\/wp-content\/uploads\/Investment-Advisory.jpg 750w, https:\/\/landermichel.com\/wp-content\/uploads\/Investment-Advisory-300x150.jpg 300w\" sizes=\"(max-width: 750px) 100vw, 750px\" \/><\/figure><\/div>\n\n\n<h3 class=\"wp-block-heading has-text-align-center\">Asesoramiento de inversiones<\/h3>\n\n\n\n<p class=\"has-text-align-center\">Asesoramiento estrat\u00e9gico en inversiones inmobiliarias, adaptado a inversores extranjeros en Espa\u00f1a.<\/p>\n<\/div>\n<\/div>\n\n\n\n<h2 class=\"wp-block-heading\">\u00bfPor qu\u00e9 elegirnos?<\/h2>\n\n\n\n<p class=\" translation-block\">Con una profunda experiencia en derecho inmobiliario espa\u00f1ol y un enfoque estrat\u00e9gico en clientes extranjeros, <strong>Midera Legal<\/strong> est\u00e1 en una posici\u00f3n \u00fanica para brindar asesoramiento legal personalizado. Le guiamos a trav\u00e9s de cada fase de las <strong>transacciones inmobiliarias<\/strong>, garantizando que sus inversiones sean legalmente seguras y rentables.<\/p>\n\n\n\n<p class=\" translation-block\">Tiene m\u00e1s <strong>preguntas<\/strong> acerca de la <strong>inversi\u00f3n inmobiliaria en Espa\u00f1a<\/strong>?<\/p>\n\n\n\n<a class=\"gb-button gb-button-689ad621 gb-button-text button-effect\" href=\"\/es\/contact\/\">Cont\u00e1ctenos<\/a>","protected":false},"excerpt":{"rendered":"<p>Asesoramiento legal sobre inversi\u00f3n inmobiliaria en Espa\u00f1a. Ofrecemos asesoramiento legal y un enfoque personalizado para la inversi\u00f3n inmobiliaria en Espa\u00f1a a clientes extranjeros. Midera cuenta con un equipo legal de profesionales que pueden ayudarle a comprender las complejidades de la inversi\u00f3n inmobiliaria en Espa\u00f1a, adem\u00e1s de otros servicios. Nuestra oficina est\u00e1 ubicada en Espa\u00f1a, pero atendemos a clientes internacionales. Nosotros\u2026 <a title=\"Derecho Inmobiliario\" class=\"read-more\" href=\"https:\/\/landermichel.com\/es\/real-estate-law\/\" aria-label=\"Leer m\u00e1s sobre Derecho Inmobiliario\">Leer m\u00e1s<\/a><\/p>","protected":false},"author":2,"featured_media":0,"parent":0,"menu_order":0,"comment_status":"closed","ping_status":"closed","template":"","meta":{"footnotes":""},"class_list":["post-995","page","type-page","status-publish"],"yoast_head":"<!-- This site is optimized with the Yoast SEO plugin v23.5 - https:\/\/yoast.com\/wordpress\/plugins\/seo\/ -->\n<title>Real Estate Law - Midera Legal<\/title>\n<meta name=\"description\" content=\"Legal Advice on Spanish Property Investment We provide legal guidance and personalized approach on property investment in Spain for foreign clients Midera\" \/>\n<meta name=\"robots\" content=\"index, follow, max-snippet:-1, max-image-preview:large, max-video-preview:-1\" \/>\n<link rel=\"canonical\" href=\"https:\/\/landermichel.com\/es\/real-estate-law\/\" \/>\n<meta property=\"og:locale\" content=\"es_MX\" \/>\n<meta property=\"og:type\" content=\"article\" \/>\n<meta property=\"og:title\" content=\"Real Estate Law - Midera Legal\" \/>\n<meta property=\"og:description\" content=\"Legal Advice on Spanish Property Investment We provide legal guidance and personalized approach on property investment in Spain for foreign clients Midera\" \/>\n<meta property=\"og:url\" content=\"https:\/\/landermichel.com\/es\/real-estate-law\/\" \/>\n<meta property=\"og:site_name\" content=\"Midera Legal\" \/>\n<meta property=\"article:modified_time\" content=\"2025-01-31T18:27:33+00:00\" \/>\n<meta property=\"og:image\" content=\"https:\/\/landermichel.com\/wp-content\/uploads\/rel-1024x683.jpg\" \/>\n<meta name=\"twitter:card\" content=\"summary_large_image\" \/>\n<meta name=\"twitter:label1\" content=\"Tiempo de lectura\" \/>\n\t<meta name=\"twitter:data1\" content=\"1 minuto\" \/>\n<script type=\"application\/ld+json\" class=\"yoast-schema-graph\">{\"@context\":\"https:\/\/schema.org\",\"@graph\":[{\"@type\":\"WebPage\",\"@id\":\"https:\/\/landermichel.com\/real-estate-law\/\",\"url\":\"https:\/\/landermichel.com\/real-estate-law\/\",\"name\":\"Real Estate Law - Midera Legal\",\"isPartOf\":{\"@id\":\"https:\/\/landermichel.com\/#website\"},\"primaryImageOfPage\":{\"@id\":\"https:\/\/landermichel.com\/real-estate-law\/#primaryimage\"},\"image\":{\"@id\":\"https:\/\/landermichel.com\/real-estate-law\/#primaryimage\"},\"thumbnailUrl\":\"https:\/\/landermichel.com\/wp-content\/uploads\/rel-1024x683.jpg\",\"datePublished\":\"2024-10-01T17:18:13+00:00\",\"dateModified\":\"2025-01-31T18:27:33+00:00\",\"description\":\"Legal Advice on Spanish Property Investment We provide legal guidance and personalized approach on property investment in Spain for foreign clients Midera\",\"breadcrumb\":{\"@id\":\"https:\/\/landermichel.com\/real-estate-law\/#breadcrumb\"},\"inLanguage\":\"es\",\"potentialAction\":[{\"@type\":\"ReadAction\",\"target\":[\"https:\/\/landermichel.com\/real-estate-law\/\"]}]},{\"@type\":\"ImageObject\",\"inLanguage\":\"es\",\"@id\":\"https:\/\/landermichel.com\/real-estate-law\/#primaryimage\",\"url\":\"https:\/\/landermichel.com\/wp-content\/uploads\/rel-1024x683.jpg\",\"contentUrl\":\"https:\/\/landermichel.com\/wp-content\/uploads\/rel-1024x683.jpg\"},{\"@type\":\"BreadcrumbList\",\"@id\":\"https:\/\/landermichel.com\/real-estate-law\/#breadcrumb\",\"itemListElement\":[{\"@type\":\"ListItem\",\"position\":1,\"name\":\"Portada\",\"item\":\"https:\/\/landermichel.com\/\"},{\"@type\":\"ListItem\",\"position\":2,\"name\":\"Real Estate Law\"}]},{\"@type\":\"WebSite\",\"@id\":\"https:\/\/landermichel.com\/#website\",\"url\":\"https:\/\/landermichel.com\/\",\"name\":\"Midera Legal\",\"description\":\"Midera Legal\",\"publisher\":{\"@id\":\"https:\/\/landermichel.com\/#organization\"},\"potentialAction\":[{\"@type\":\"SearchAction\",\"target\":{\"@type\":\"EntryPoint\",\"urlTemplate\":\"https:\/\/landermichel.com\/?s={search_term_string}\"},\"query-input\":{\"@type\":\"PropertyValueSpecification\",\"valueRequired\":true,\"valueName\":\"search_term_string\"}}],\"inLanguage\":\"es\"},{\"@type\":\"Organization\",\"@id\":\"https:\/\/landermichel.com\/#organization\",\"name\":\"Midera Legal\",\"url\":\"https:\/\/landermichel.com\/\",\"logo\":{\"@type\":\"ImageObject\",\"inLanguage\":\"es\",\"@id\":\"https:\/\/landermichel.com\/#\/schema\/logo\/image\/\",\"url\":\"https:\/\/landermichel.com\/wp-content\/uploads\/Midera-Legal-logo-blanco.png\",\"contentUrl\":\"https:\/\/landermichel.com\/wp-content\/uploads\/Midera-Legal-logo-blanco.png\",\"width\":500,\"height\":500,\"caption\":\"Midera Legal\"},\"image\":{\"@id\":\"https:\/\/landermichel.com\/#\/schema\/logo\/image\/\"}}]}<\/script>\n<!-- \/ Yoast SEO plugin. -->","yoast_head_json":{"title":"Real Estate Law - Midera Legal","description":"Legal Advice on Spanish Property Investment We provide legal guidance and personalized approach on property investment in Spain for foreign clients Midera","robots":{"index":"index","follow":"follow","max-snippet":"max-snippet:-1","max-image-preview":"max-image-preview:large","max-video-preview":"max-video-preview:-1"},"canonical":"https:\/\/landermichel.com\/es\/real-estate-law\/","og_locale":"es_MX","og_type":"article","og_title":"Real Estate Law - Midera Legal","og_description":"Legal Advice on Spanish Property Investment We provide legal guidance and personalized approach on property investment in Spain for foreign clients Midera","og_url":"https:\/\/landermichel.com\/es\/real-estate-law\/","og_site_name":"Midera Legal","article_modified_time":"2025-01-31T18:27:33+00:00","og_image":[{"url":"https:\/\/landermichel.com\/wp-content\/uploads\/rel-1024x683.jpg"}],"twitter_card":"summary_large_image","twitter_misc":{"Tiempo de lectura":"1 minuto"},"schema":{"@context":"https:\/\/schema.org","@graph":[{"@type":"WebPage","@id":"https:\/\/landermichel.com\/real-estate-law\/","url":"https:\/\/landermichel.com\/real-estate-law\/","name":"Real Estate Law - Midera Legal","isPartOf":{"@id":"https:\/\/landermichel.com\/#website"},"primaryImageOfPage":{"@id":"https:\/\/landermichel.com\/real-estate-law\/#primaryimage"},"image":{"@id":"https:\/\/landermichel.com\/real-estate-law\/#primaryimage"},"thumbnailUrl":"https:\/\/landermichel.com\/wp-content\/uploads\/rel-1024x683.jpg","datePublished":"2024-10-01T17:18:13+00:00","dateModified":"2025-01-31T18:27:33+00:00","description":"Legal Advice on Spanish Property Investment We provide legal guidance and personalized approach on property investment in Spain for foreign clients Midera","breadcrumb":{"@id":"https:\/\/landermichel.com\/real-estate-law\/#breadcrumb"},"inLanguage":"es","potentialAction":[{"@type":"ReadAction","target":["https:\/\/landermichel.com\/real-estate-law\/"]}]},{"@type":"ImageObject","inLanguage":"es","@id":"https:\/\/landermichel.com\/real-estate-law\/#primaryimage","url":"https:\/\/landermichel.com\/wp-content\/uploads\/rel-1024x683.jpg","contentUrl":"https:\/\/landermichel.com\/wp-content\/uploads\/rel-1024x683.jpg"},{"@type":"BreadcrumbList","@id":"https:\/\/landermichel.com\/real-estate-law\/#breadcrumb","itemListElement":[{"@type":"ListItem","position":1,"name":"Portada","item":"https:\/\/landermichel.com\/"},{"@type":"ListItem","position":2,"name":"Real Estate Law"}]},{"@type":"WebSite","@id":"https:\/\/landermichel.com\/#website","url":"https:\/\/landermichel.com\/","name":"Midera Legal","description":"Midera Legal","publisher":{"@id":"https:\/\/landermichel.com\/#organization"},"potentialAction":[{"@type":"SearchAction","target":{"@type":"EntryPoint","urlTemplate":"https:\/\/landermichel.com\/?s={search_term_string}"},"query-input":{"@type":"PropertyValueSpecification","valueRequired":true,"valueName":"search_term_string"}}],"inLanguage":"es"},{"@type":"Organization","@id":"https:\/\/landermichel.com\/#organization","name":"Midera Legal","url":"https:\/\/landermichel.com\/","logo":{"@type":"ImageObject","inLanguage":"es","@id":"https:\/\/landermichel.com\/#\/schema\/logo\/image\/","url":"https:\/\/landermichel.com\/wp-content\/uploads\/Midera-Legal-logo-blanco.png","contentUrl":"https:\/\/landermichel.com\/wp-content\/uploads\/Midera-Legal-logo-blanco.png","width":500,"height":500,"caption":"Midera Legal"},"image":{"@id":"https:\/\/landermichel.com\/#\/schema\/logo\/image\/"}}]}},"_links":{"self":[{"href":"https:\/\/landermichel.com\/es\/wp-json\/wp\/v2\/pages\/995"}],"collection":[{"href":"https:\/\/landermichel.com\/es\/wp-json\/wp\/v2\/pages"}],"about":[{"href":"https:\/\/landermichel.com\/es\/wp-json\/wp\/v2\/types\/page"}],"author":[{"embeddable":true,"href":"https:\/\/landermichel.com\/es\/wp-json\/wp\/v2\/users\/2"}],"replies":[{"embeddable":true,"href":"https:\/\/landermichel.com\/es\/wp-json\/wp\/v2\/comments?post=995"}],"version-history":[{"count":15,"href":"https:\/\/landermichel.com\/es\/wp-json\/wp\/v2\/pages\/995\/revisions"}],"predecessor-version":[{"id":4453,"href":"https:\/\/landermichel.com\/es\/wp-json\/wp\/v2\/pages\/995\/revisions\/4453"}],"wp:attachment":[{"href":"https:\/\/landermichel.com\/es\/wp-json\/wp\/v2\/media?parent=995"}],"curies":[{"name":"wp","href":"https:\/\/api.w.org\/{rel}","templated":true}]}}