{"id":989,"date":"2024-10-01T17:04:51","date_gmt":"2024-10-01T17:04:51","guid":{"rendered":"https:\/\/landermichel.com\/?page_id=989"},"modified":"2025-01-31T18:20:23","modified_gmt":"2025-01-31T18:20:23","slug":"services","status":"publish","type":"page","link":"https:\/\/landermichel.com\/es\/services\/","title":{"rendered":"Servicios"},"content":{"rendered":"<p>En <strong>Midera Legal<\/strong>, ofrecemos una amplia gama de servicios legales adaptados a las necesidades de los clientes internacionales. Nuestro equipo brinda asesoramiento experto en <strong>Derecho Mercantil<\/strong>, <strong>Inmigraci\u00f3n<\/strong>, <strong>Inmobiliario<\/strong>, y <strong>Resoluci\u00f3n de Disputas<\/strong>, garantizando que recibir\u00e1 apoyo profesional en cada paso del camino.<\/p>\n\n\n\n<div class=\"wp-block-columns is-layout-flex wp-container-core-columns-is-layout-1 wp-block-columns-is-layout-flex\">\n<div class=\"wp-block-column is-layout-flow wp-block-column-is-layout-flow\">\n<div style=\"height:0px\" aria-hidden=\"true\" class=\"wp-block-spacer\"><\/div>\n\n\n<div class=\"wp-block-image imatge-gran\">\n<figure class=\"aligncenter size-large is-resized\"><img loading=\"lazy\" decoding=\"async\" width=\"1024\" height=\"683\" src=\"https:\/\/landermichel.com\/wp-content\/uploads\/corporate-law-1024x683.jpg\" alt=\"corporate-law\" class=\"wp-image-4208\" style=\"object-fit:cover;width:315px;height:200px\" srcset=\"https:\/\/landermichel.com\/wp-content\/uploads\/corporate-law-1024x683.jpg 1024w, https:\/\/landermichel.com\/wp-content\/uploads\/corporate-law-300x200.jpg 300w, https:\/\/landermichel.com\/wp-content\/uploads\/corporate-law-768x512.jpg 768w, https:\/\/landermichel.com\/wp-content\/uploads\/corporate-law-1536x1024.jpg 1536w, https:\/\/landermichel.com\/wp-content\/uploads\/corporate-law-2048x1365.jpg 2048w\" sizes=\"(max-width: 1024px) 100vw, 1024px\" \/><\/figure><\/div>\n\n\n<h3 class=\"wp-block-heading has-text-align-center\"><strong>Derecho Mercantil<\/strong><\/h3>\n\n\n\n<p class=\"has-text-align-center\">Asistencia jur\u00eddica experta para empresas, desde la creaci\u00f3n de startups hasta la expansi\u00f3n internacional, garantizando el cumplimiento de las regulaciones locales y globales.<\/p>\n\n\n\n<div class=\"wp-block-buttons is-content-justification-center is-layout-flex wp-container-core-buttons-is-layout-1 wp-block-buttons-is-layout-flex\">\n<div class=\"wp-block-button translation-block\"><a class=\"wp-block-button__link has-contrast-2-color has-accent-background-color has-text-color has-background has-link-color wp-element-button\" href=\"https:\/\/landermichel.com\/es\/corporate-law\/\" target=\"_self\">Conozca m\u00e1s sobre nuestro servicio de <strong>Derecho Mercantil<\/strong> <\/a><\/div>\n<\/div>\n<\/div>\n\n\n\n<div class=\"wp-block-column is-layout-flow wp-block-column-is-layout-flow\">\n<div style=\"height:0px\" aria-hidden=\"true\" class=\"wp-block-spacer\"><\/div>\n\n\n<div class=\"wp-block-image imatge-gran\">\n<figure class=\"aligncenter size-large is-resized\"><img loading=\"lazy\" decoding=\"async\" width=\"1024\" height=\"683\" src=\"https:\/\/landermichel.com\/wp-content\/uploads\/immigration-law-1024x683.jpg\" alt=\"immigration-law\" class=\"wp-image-4206\" style=\"width:307px;height:auto\" srcset=\"https:\/\/landermichel.com\/wp-content\/uploads\/immigration-law-1024x683.jpg 1024w, https:\/\/landermichel.com\/wp-content\/uploads\/immigration-law-300x200.jpg 300w, https:\/\/landermichel.com\/wp-content\/uploads\/immigration-law-768x512.jpg 768w, https:\/\/landermichel.com\/wp-content\/uploads\/immigration-law-1536x1024.jpg 1536w, https:\/\/landermichel.com\/wp-content\/uploads\/immigration-law-2048x1365.jpg 2048w\" sizes=\"(max-width: 1024px) 100vw, 1024px\" \/><\/figure><\/div>\n\n\n<h3 class=\"wp-block-heading has-text-align-center\"><strong>Derecho Migratorio<\/strong><\/h3>\n\n\n\n<p class=\"has-text-align-center\">Servicios de derecho migratorio personalizados para ayudarle a navegar por las complejidades del derecho migratorio espa\u00f1ol, incluidos visas, residencia y ciudadan\u00eda.<\/p>\n\n\n\n<div class=\"wp-block-buttons is-content-justification-center is-layout-flex wp-container-core-buttons-is-layout-2 wp-block-buttons-is-layout-flex\">\n<div class=\"wp-block-button translation-block\"><a class=\"wp-block-button__link has-contrast-2-color has-accent-background-color has-text-color has-background has-link-color wp-element-button\" href=\"https:\/\/landermichel.com\/es\/immigration-law\/\" target=\"_self\">Conozca m\u00e1s sobre nuestro servicio de <strong>Derecho Migratorio<\/strong>        <\/a><\/div>\n<\/div>\n<\/div>\n<\/div>\n\n\n\n<div class=\"wp-block-columns is-layout-flex wp-container-core-columns-is-layout-2 wp-block-columns-is-layout-flex\">\n<div class=\"wp-block-column is-layout-flow wp-block-column-is-layout-flow\"><div class=\"wp-block-image imatge-gran\">\n<figure class=\"aligncenter size-large is-resized\"><img loading=\"lazy\" decoding=\"async\" width=\"1024\" height=\"683\" src=\"https:\/\/landermichel.com\/wp-content\/uploads\/rel-1024x683.jpg\" alt=\"Real Estate Law\" class=\"wp-image-4059\" style=\"width:374px;height:199px\" srcset=\"https:\/\/landermichel.com\/wp-content\/uploads\/rel-1024x683.jpg 1024w, https:\/\/landermichel.com\/wp-content\/uploads\/rel-300x200.jpg 300w, https:\/\/landermichel.com\/wp-content\/uploads\/rel-768x512.jpg 768w, https:\/\/landermichel.com\/wp-content\/uploads\/rel-1536x1024.jpg 1536w, https:\/\/landermichel.com\/wp-content\/uploads\/rel-2048x1365.jpg 2048w\" sizes=\"(max-width: 1024px) 100vw, 1024px\" \/><\/figure><\/div>\n\n\n<div style=\"height:0px\" aria-hidden=\"true\" class=\"wp-block-spacer\"><\/div>\n\n\n\n<h3 class=\"wp-block-heading has-text-align-center\"><strong>Derecho Inmobiliario<\/strong><\/h3>\n\n\n\n<p class=\"has-text-align-center\">Asistencia legal en la adquisici\u00f3n, venta, arrendamiento y desarrollo de propiedades, garantizando transacciones inmobiliarias seguras para inversionistas extranjeros.<\/p>\n\n\n\n<div class=\"wp-block-buttons is-content-justification-center is-layout-flex wp-container-core-buttons-is-layout-3 wp-block-buttons-is-layout-flex\">\n<div class=\"wp-block-button translation-block\"><a class=\"wp-block-button__link has-contrast-2-color has-accent-background-color has-text-color has-background has-link-color wp-element-button\" href=\"https:\/\/landermichel.com\/es\/real-estate-law\/\" target=\"_self\">Conozca m\u00e1s sobre nuestro servicio de <strong>Derecho Inmobiliario<\/strong>\n<\/a><\/div>\n<\/div>\n<\/div>\n\n\n\n<div class=\"wp-block-column is-layout-flow wp-block-column-is-layout-flow\">\n<div style=\"height:0px\" aria-hidden=\"true\" class=\"wp-block-spacer\"><\/div>\n\n\n<div class=\"wp-block-image imatge-gran\">\n<figure class=\"aligncenter size-large is-resized\"><img loading=\"lazy\" decoding=\"async\" width=\"1024\" height=\"683\" src=\"https:\/\/landermichel.com\/wp-content\/uploads\/dr-1-1024x683.jpg\" alt=\"Dispute_Resolution\" class=\"wp-image-4065\" style=\"width:300px;height:auto\" srcset=\"https:\/\/landermichel.com\/wp-content\/uploads\/dr-1-1024x683.jpg 1024w, https:\/\/landermichel.com\/wp-content\/uploads\/dr-1-300x200.jpg 300w, https:\/\/landermichel.com\/wp-content\/uploads\/dr-1-768x512.jpg 768w, https:\/\/landermichel.com\/wp-content\/uploads\/dr-1-1536x1024.jpg 1536w, https:\/\/landermichel.com\/wp-content\/uploads\/dr-1-2048x1365.jpg 2048w\" sizes=\"(max-width: 1024px) 100vw, 1024px\" \/><\/figure><\/div>\n\n\n<h3 class=\"wp-block-heading has-text-align-center\"><strong>Resoluci\u00f3n de Disputas<\/strong><\/h3>\n\n\n\n<p class=\"has-text-align-center\">Representaci\u00f3n profesional en negociaciones, arbitrajes y litigios para resolver conflictos empresariales o personales de manera eficiente y eficaz.<\/p>\n\n\n\n<div class=\"wp-block-buttons is-content-justification-center is-layout-flex wp-container-core-buttons-is-layout-4 wp-block-buttons-is-layout-flex\">\n<div class=\"wp-block-button translation-block\"><a class=\"wp-block-button__link has-contrast-2-color has-accent-background-color has-text-color has-background has-link-color wp-element-button\" href=\"https:\/\/landermichel.com\/es\/dispute-resolution\/\" target=\"_self\">Conozca m\u00e1s sobre nuestro servicio de <strong>Resoluci\u00f3n de Disputas<\/strong>                                                                                                                        <\/a><\/div>\n<\/div>\n<\/div>\n<\/div>","protected":false},"excerpt":{"rendered":"<p>En Midera Legal, ofrecemos una gama integral de servicios legales adaptados a las necesidades de nuestros clientes internacionales. Nuestro equipo ofrece asesoramiento especializado en Derecho Corporativo, Inmigraci\u00f3n, Bienes Ra\u00edces y Resoluci\u00f3n de Disputas, garantizando un apoyo profesional en cada etapa del proceso. Derecho Corporativo: Apoyo legal especializado para empresas, desde la creaci\u00f3n de startups hasta la internacionalizaci\u00f3n... <a title=\"Servicios\" class=\"read-more\" href=\"https:\/\/landermichel.com\/es\/services\/\" aria-label=\"Leer m\u00e1s sobre Services\">Leer m\u00e1s<\/a><\/p>","protected":false},"author":2,"featured_media":0,"parent":0,"menu_order":0,"comment_status":"closed","ping_status":"closed","template":"","meta":{"footnotes":""},"class_list":["post-989","page","type-page","status-publish"],"yoast_head":"<!-- This site is optimized with the Yoast SEO plugin v23.5 - https:\/\/yoast.com\/wordpress\/plugins\/seo\/ -->\n<title>Services - Midera Legal<\/title>\n<meta name=\"description\" content=\"At Midera Legal, we offer a comprehensive range of legal services tailored to meet the needs of international clients. Our team provides expert guidance\" \/>\n<meta name=\"robots\" content=\"index, follow, max-snippet:-1, max-image-preview:large, max-video-preview:-1\" \/>\n<link rel=\"canonical\" href=\"https:\/\/landermichel.com\/es\/services\/\" \/>\n<meta property=\"og:locale\" content=\"es_MX\" \/>\n<meta property=\"og:type\" content=\"article\" \/>\n<meta property=\"og:title\" content=\"Services - Midera Legal\" \/>\n<meta property=\"og:description\" content=\"At Midera Legal, we offer a comprehensive range of legal services tailored to meet the needs of international clients. Our team provides expert guidance\" \/>\n<meta property=\"og:url\" content=\"https:\/\/landermichel.com\/es\/services\/\" \/>\n<meta property=\"og:site_name\" content=\"Midera Legal\" \/>\n<meta property=\"article:modified_time\" content=\"2025-01-31T18:20:23+00:00\" \/>\n<meta property=\"og:image\" content=\"https:\/\/landermichel.com\/wp-content\/uploads\/corporate-law-1024x683.jpg\" \/>\n<meta name=\"twitter:card\" content=\"summary_large_image\" \/>\n<meta name=\"twitter:label1\" content=\"Tiempo de lectura\" \/>\n\t<meta name=\"twitter:data1\" content=\"1 minuto\" \/>\n<script type=\"application\/ld+json\" class=\"yoast-schema-graph\">{\"@context\":\"https:\/\/schema.org\",\"@graph\":[{\"@type\":\"WebPage\",\"@id\":\"https:\/\/landermichel.com\/services\/\",\"url\":\"https:\/\/landermichel.com\/services\/\",\"name\":\"Services - Midera Legal\",\"isPartOf\":{\"@id\":\"https:\/\/landermichel.com\/#website\"},\"primaryImageOfPage\":{\"@id\":\"https:\/\/landermichel.com\/services\/#primaryimage\"},\"image\":{\"@id\":\"https:\/\/landermichel.com\/services\/#primaryimage\"},\"thumbnailUrl\":\"https:\/\/landermichel.com\/wp-content\/uploads\/corporate-law-1024x683.jpg\",\"datePublished\":\"2024-10-01T17:04:51+00:00\",\"dateModified\":\"2025-01-31T18:20:23+00:00\",\"description\":\"At Midera Legal, we offer a comprehensive range of legal services tailored to meet the needs of international clients. Our team provides expert guidance\",\"breadcrumb\":{\"@id\":\"https:\/\/landermichel.com\/services\/#breadcrumb\"},\"inLanguage\":\"es\",\"potentialAction\":[{\"@type\":\"ReadAction\",\"target\":[\"https:\/\/landermichel.com\/services\/\"]}]},{\"@type\":\"ImageObject\",\"inLanguage\":\"es\",\"@id\":\"https:\/\/landermichel.com\/services\/#primaryimage\",\"url\":\"https:\/\/landermichel.com\/wp-content\/uploads\/corporate-law-1024x683.jpg\",\"contentUrl\":\"https:\/\/landermichel.com\/wp-content\/uploads\/corporate-law-1024x683.jpg\"},{\"@type\":\"BreadcrumbList\",\"@id\":\"https:\/\/landermichel.com\/services\/#breadcrumb\",\"itemListElement\":[{\"@type\":\"ListItem\",\"position\":1,\"name\":\"Portada\",\"item\":\"https:\/\/landermichel.com\/\"},{\"@type\":\"ListItem\",\"position\":2,\"name\":\"Services\"}]},{\"@type\":\"WebSite\",\"@id\":\"https:\/\/landermichel.com\/#website\",\"url\":\"https:\/\/landermichel.com\/\",\"name\":\"Midera Legal\",\"description\":\"Midera Legal\",\"publisher\":{\"@id\":\"https:\/\/landermichel.com\/#organization\"},\"potentialAction\":[{\"@type\":\"SearchAction\",\"target\":{\"@type\":\"EntryPoint\",\"urlTemplate\":\"https:\/\/landermichel.com\/?s={search_term_string}\"},\"query-input\":{\"@type\":\"PropertyValueSpecification\",\"valueRequired\":true,\"valueName\":\"search_term_string\"}}],\"inLanguage\":\"es\"},{\"@type\":\"Organization\",\"@id\":\"https:\/\/landermichel.com\/#organization\",\"name\":\"Midera Legal\",\"url\":\"https:\/\/landermichel.com\/\",\"logo\":{\"@type\":\"ImageObject\",\"inLanguage\":\"es\",\"@id\":\"https:\/\/landermichel.com\/#\/schema\/logo\/image\/\",\"url\":\"https:\/\/landermichel.com\/wp-content\/uploads\/Midera-Legal-logo-blanco.png\",\"contentUrl\":\"https:\/\/landermichel.com\/wp-content\/uploads\/Midera-Legal-logo-blanco.png\",\"width\":500,\"height\":500,\"caption\":\"Midera Legal\"},\"image\":{\"@id\":\"https:\/\/landermichel.com\/#\/schema\/logo\/image\/\"}}]}<\/script>\n<!-- \/ Yoast SEO plugin. -->","yoast_head_json":{"title":"Services - Midera Legal","description":"At Midera Legal, we offer a comprehensive range of legal services tailored to meet the needs of international clients. Our team provides expert guidance","robots":{"index":"index","follow":"follow","max-snippet":"max-snippet:-1","max-image-preview":"max-image-preview:large","max-video-preview":"max-video-preview:-1"},"canonical":"https:\/\/landermichel.com\/es\/services\/","og_locale":"es_MX","og_type":"article","og_title":"Services - Midera Legal","og_description":"At Midera Legal, we offer a comprehensive range of legal services tailored to meet the needs of international clients. Our team provides expert guidance","og_url":"https:\/\/landermichel.com\/es\/services\/","og_site_name":"Midera Legal","article_modified_time":"2025-01-31T18:20:23+00:00","og_image":[{"url":"https:\/\/landermichel.com\/wp-content\/uploads\/corporate-law-1024x683.jpg"}],"twitter_card":"summary_large_image","twitter_misc":{"Tiempo de lectura":"1 minuto"},"schema":{"@context":"https:\/\/schema.org","@graph":[{"@type":"WebPage","@id":"https:\/\/landermichel.com\/services\/","url":"https:\/\/landermichel.com\/services\/","name":"Services - Midera Legal","isPartOf":{"@id":"https:\/\/landermichel.com\/#website"},"primaryImageOfPage":{"@id":"https:\/\/landermichel.com\/services\/#primaryimage"},"image":{"@id":"https:\/\/landermichel.com\/services\/#primaryimage"},"thumbnailUrl":"https:\/\/landermichel.com\/wp-content\/uploads\/corporate-law-1024x683.jpg","datePublished":"2024-10-01T17:04:51+00:00","dateModified":"2025-01-31T18:20:23+00:00","description":"At Midera Legal, we offer a comprehensive range of legal services tailored to meet the needs of international clients. Our team provides expert guidance","breadcrumb":{"@id":"https:\/\/landermichel.com\/services\/#breadcrumb"},"inLanguage":"es","potentialAction":[{"@type":"ReadAction","target":["https:\/\/landermichel.com\/services\/"]}]},{"@type":"ImageObject","inLanguage":"es","@id":"https:\/\/landermichel.com\/services\/#primaryimage","url":"https:\/\/landermichel.com\/wp-content\/uploads\/corporate-law-1024x683.jpg","contentUrl":"https:\/\/landermichel.com\/wp-content\/uploads\/corporate-law-1024x683.jpg"},{"@type":"BreadcrumbList","@id":"https:\/\/landermichel.com\/services\/#breadcrumb","itemListElement":[{"@type":"ListItem","position":1,"name":"Portada","item":"https:\/\/landermichel.com\/"},{"@type":"ListItem","position":2,"name":"Services"}]},{"@type":"WebSite","@id":"https:\/\/landermichel.com\/#website","url":"https:\/\/landermichel.com\/","name":"Midera Legal","description":"Midera Legal","publisher":{"@id":"https:\/\/landermichel.com\/#organization"},"potentialAction":[{"@type":"SearchAction","target":{"@type":"EntryPoint","urlTemplate":"https:\/\/landermichel.com\/?s={search_term_string}"},"query-input":{"@type":"PropertyValueSpecification","valueRequired":true,"valueName":"search_term_string"}}],"inLanguage":"es"},{"@type":"Organization","@id":"https:\/\/landermichel.com\/#organization","name":"Midera Legal","url":"https:\/\/landermichel.com\/","logo":{"@type":"ImageObject","inLanguage":"es","@id":"https:\/\/landermichel.com\/#\/schema\/logo\/image\/","url":"https:\/\/landermichel.com\/wp-content\/uploads\/Midera-Legal-logo-blanco.png","contentUrl":"https:\/\/landermichel.com\/wp-content\/uploads\/Midera-Legal-logo-blanco.png","width":500,"height":500,"caption":"Midera Legal"},"image":{"@id":"https:\/\/landermichel.com\/#\/schema\/logo\/image\/"}}]}},"_links":{"self":[{"href":"https:\/\/landermichel.com\/es\/wp-json\/wp\/v2\/pages\/989"}],"collection":[{"href":"https:\/\/landermichel.com\/es\/wp-json\/wp\/v2\/pages"}],"about":[{"href":"https:\/\/landermichel.com\/es\/wp-json\/wp\/v2\/types\/page"}],"author":[{"embeddable":true,"href":"https:\/\/landermichel.com\/es\/wp-json\/wp\/v2\/users\/2"}],"replies":[{"embeddable":true,"href":"https:\/\/landermichel.com\/es\/wp-json\/wp\/v2\/comments?post=989"}],"version-history":[{"count":21,"href":"https:\/\/landermichel.com\/es\/wp-json\/wp\/v2\/pages\/989\/revisions"}],"predecessor-version":[{"id":4441,"href":"https:\/\/landermichel.com\/es\/wp-json\/wp\/v2\/pages\/989\/revisions\/4441"}],"wp:attachment":[{"href":"https:\/\/landermichel.com\/es\/wp-json\/wp\/v2\/media?parent=989"}],"curies":[{"name":"wp","href":"https:\/\/api.w.org\/{rel}","templated":true}]}}